{"id":673,"date":"2021-03-26T11:56:36","date_gmt":"2021-03-26T11:56:36","guid":{"rendered":"https:\/\/osteopatiagracia.com\/especialidades-y-tratamientos-2\/"},"modified":"2023-01-04T09:50:15","modified_gmt":"2023-01-04T09:50:15","slug":"productes","status":"publish","type":"page","link":"https:\/\/osteopatiagracia.com\/es\/productes\/","title":{"rendered":"Cosm\u00e9tica y suplementaci\u00f3n ecol\u00f3gica"},"content":{"rendered":"<p><div class=\"wpb_row vc_row-fluid\">\n\t<div class=\"vc_span12 wpb_column column_container\">\n\t\t<div class=\"wpb_wrapper\">\n\t\t\t\n\t<div class=\"wpb_gallery wpb_content_element clearfix\">\n\t\t<div class=\"wpb_wrapper\"><div class=\"wpb_gallery_slides wpb_flexslider flexslider_fade flexslider\" data-interval=\"3\" data-flex_fx=\"fade\"><ul class=\"slides\"><li><a href=\"https:\/\/2552678.ringana.com\" target=\"_self\"><img width=\"960\" height=\"350\" src=\"https:\/\/osteopatiagracia.com\/wp-content\/uploads\/2022\/11\/suplementatio1.jpg\" class=\"attachment-full size-full\" alt=\"\" decoding=\"async\" loading=\"lazy\" srcset=\"https:\/\/osteopatiagracia.com\/wp-content\/uploads\/2022\/11\/suplementatio1.jpg 960w, https:\/\/osteopatiagracia.com\/wp-content\/uploads\/2022\/11\/suplementatio1-300x109.jpg 300w, https:\/\/osteopatiagracia.com\/wp-content\/uploads\/2022\/11\/suplementatio1-768x280.jpg 768w\" sizes=\"(max-width: 960px) 100vw, 960px\" \/><\/a><\/li><\/ul><\/div>\n\t\t<\/div> \n\t<\/div> \n\t<div class=\"wpb_text_column wpb_content_element \">\n\t\t<div class=\"wpb_wrapper\">\n\t\t\t<p>Soy fisioterapeuta y oste\u00f3pata desde hace m\u00e1s de 15 a\u00f1os. Siempre me ha interesado la salud y el bienestar de la gente por eso no he parado de formarme en este campo siempre de una forma saludable, ecol\u00f3gica y acorde con nuestro metabolismo. Desde hace un tiempo adem\u00e1s me he estado formando en suplementaci\u00f3n por eso he decidido formar parte de una empresa sostenible, \u00e9tica ya que solo trabaja con peque\u00f1os agricultores siempre en el lugar de origen y ecol\u00f3gica como es Ringana.<\/p>\n<p>Ringana funciona porque todos sus productos son 100% principios activos. Su metodolog\u00eda est\u00e1 basada en las sinergias de la medicina china y ayurveda. Y no contienen conservantes artificiales ni productos de base gen\u00e9ticamente modificados.<\/p>\n\n\t\t<\/div> \n\t<\/div> <div class=\"wpb_row vc_row-fluid\">\n\t<div class=\"vc_span12 wpb_column column_container\">\n\t\t<div class=\"wpb_wrapper\">\n\t\t\t\n\t<div class=\"wpb_gallery wpb_content_element clearfix\">\n\t\t<div class=\"wpb_wrapper\"><div class=\"wpb_gallery_slides wpb_flexslider flexslider_fade flexslider\" data-interval=\"3\" data-flex_fx=\"fade\"><ul class=\"slides\"><li><a href=\"https:\/\/2552678.ringana.com\" target=\"_self\"><img width=\"800\" height=\"600\" src=\"https:\/\/osteopatiagracia.com\/wp-content\/uploads\/2021\/04\/ringana-productes2.jpg\" class=\"attachment-full size-full\" alt=\"ringana productes\" decoding=\"async\" loading=\"lazy\" srcset=\"https:\/\/osteopatiagracia.com\/wp-content\/uploads\/2021\/04\/ringana-productes2.jpg 800w, https:\/\/osteopatiagracia.com\/wp-content\/uploads\/2021\/04\/ringana-productes2-300x225.jpg 300w, https:\/\/osteopatiagracia.com\/wp-content\/uploads\/2021\/04\/ringana-productes2-768x576.jpg 768w\" sizes=\"(max-width: 800px) 100vw, 800px\" \/><\/a><\/li><li><img width=\"800\" height=\"600\" src=\"https:\/\/osteopatiagracia.com\/wp-content\/uploads\/2021\/04\/ringana-productes3.jpg\" class=\"attachment-full size-full\" alt=\"ringana productes\" decoding=\"async\" loading=\"lazy\" srcset=\"https:\/\/osteopatiagracia.com\/wp-content\/uploads\/2021\/04\/ringana-productes3.jpg 800w, https:\/\/osteopatiagracia.com\/wp-content\/uploads\/2021\/04\/ringana-productes3-300x225.jpg 300w, https:\/\/osteopatiagracia.com\/wp-content\/uploads\/2021\/04\/ringana-productes3-768x576.jpg 768w\" sizes=\"(max-width: 800px) 100vw, 800px\" \/><\/li><li><img width=\"800\" height=\"600\" src=\"https:\/\/osteopatiagracia.com\/wp-content\/uploads\/2021\/04\/ringana-productes4.jpg\" class=\"attachment-full size-full\" alt=\"ringana productes\" decoding=\"async\" loading=\"lazy\" srcset=\"https:\/\/osteopatiagracia.com\/wp-content\/uploads\/2021\/04\/ringana-productes4.jpg 800w, https:\/\/osteopatiagracia.com\/wp-content\/uploads\/2021\/04\/ringana-productes4-300x225.jpg 300w, https:\/\/osteopatiagracia.com\/wp-content\/uploads\/2021\/04\/ringana-productes4-768x576.jpg 768w\" sizes=\"(max-width: 800px) 100vw, 800px\" \/><\/li><li><img width=\"800\" height=\"600\" src=\"https:\/\/osteopatiagracia.com\/wp-content\/uploads\/2021\/04\/ringana-productes5.jpg\" class=\"attachment-full size-full\" alt=\"ringana productes\" decoding=\"async\" loading=\"lazy\" srcset=\"https:\/\/osteopatiagracia.com\/wp-content\/uploads\/2021\/04\/ringana-productes5.jpg 800w, https:\/\/osteopatiagracia.com\/wp-content\/uploads\/2021\/04\/ringana-productes5-300x225.jpg 300w, https:\/\/osteopatiagracia.com\/wp-content\/uploads\/2021\/04\/ringana-productes5-768x576.jpg 768w\" sizes=\"(max-width: 800px) 100vw, 800px\" \/><\/li><\/ul><\/div>\n\t\t<\/div> \n\t<\/div> \n\t\t<\/div> \n\t<\/div> \n<\/div><div style=\"padding-top:15px\"><\/div><div class=\"wpb_call_to_action wpb_content_element clearfix cta_align_bottom\"><h2 class=\"wpb_call_text\"><\/h2><a class=\"wpb_button_a\" href=\"https:\/\/2552678.ringana.com\"><span class=\"wpb_button  wpb_btn-success wpb_regularsize\">Ver todos los productos<\/span><\/a><\/div> \n<br \/>\n\n\t<div class=\"wpb_gallery wpb_content_element clearfix\">\n\t\t<div class=\"wpb_wrapper\"><div class=\"wpb_gallery_slides wpb_flexslider flexslider_fade flexslider\" data-interval=\"3\" data-flex_fx=\"fade\"><ul class=\"slides\"><li><img width=\"1200\" height=\"787\" src=\"https:\/\/osteopatiagracia.com\/wp-content\/uploads\/2023\/01\/vende-tus-productos-online.jpg\" class=\"attachment-full size-full\" alt=\"\" decoding=\"async\" loading=\"lazy\" srcset=\"https:\/\/osteopatiagracia.com\/wp-content\/uploads\/2023\/01\/vende-tus-productos-online.jpg 1200w, https:\/\/osteopatiagracia.com\/wp-content\/uploads\/2023\/01\/vende-tus-productos-online-300x197.jpg 300w, https:\/\/osteopatiagracia.com\/wp-content\/uploads\/2023\/01\/vende-tus-productos-online-768x504.jpg 768w, https:\/\/osteopatiagracia.com\/wp-content\/uploads\/2023\/01\/vende-tus-productos-online-1024x672.jpg 1024w\" sizes=\"(max-width: 1200px) 100vw, 1200px\" \/><\/li><\/ul><\/div>\n\t\t<\/div> \n\t<\/div> <br \/>\n\n\t<div class=\"wpb_text_column wpb_content_element \">\n\t\t<div class=\"wpb_wrapper\">\n\t\t\t<p style=\"text-align: centre;\">\u00bfQuieres unirte a mi equipo y liderar tu propio negocio ecol\u00f3gico? <a href=\"https:\/\/osteopatiagracia.com\/contactar\/\">Contacta con nosotros y te explicamos c\u00f3mo crear tu propia tienda<\/a><\/p>\n<div class=\"wpb_call_to_action wpb_content_element clearfix cta_align_bottom\">\n<h2 class=\"wpb_call_text\"><\/h2>\n<p><a class=\"wpb_button_a\" href=\"https:\/\/osteopatiagracia.com\/contactar\/\"><span class=\"wpb_button  wpb_btn-success wpb_regularsize\">Contactar<\/span><\/a><\/div>\n<p><\/p>\n\n\t\t<\/div> \n\t<\/div> \n\t\t<\/div> \n\t<\/div> \n<\/div><\/p>","protected":false},"excerpt":{"rendered":"Soy fisioterapeuta y oste\u00f3pata desde hace m\u00e1s de 15 a\u00f1os. Siempre me ha interesado la salud y el bienestar de la gente por eso no he parado de formarme en este campo siempre de una forma saludable, ecol\u00f3gica y acorde con nuestro metabolismo. Desde hace un tiempo adem\u00e1s me he estado formando en suplementaci\u00f3n por eso he decidido formar parte de una empresa sostenible, \u00e9tica ya que solo trabaja con peque\u00f1os agricultores siempre en el lugar de origen y ecol\u00f3gica como es Ringana. Ringana funciona porque todos sus productos son 100% principios activos. Su metodolog\u00eda est\u00e1 basada en las sinergias de la medicina china y ayurveda. Y no contienen conservantes artificiales ni productos de base gen\u00e9ticamente modificados. Ver todos los productos \u00bfQuieres unirte a mi equipo y liderar tu propio negocio ecol\u00f3gico? Contacta con nosotros y te explicamos c\u00f3mo crear tu propia tienda Contactar","protected":false},"author":1,"featured_media":0,"parent":0,"menu_order":0,"comment_status":"closed","ping_status":"closed","template":"","meta":[],"_links":{"self":[{"href":"https:\/\/osteopatiagracia.com\/es\/wp-json\/wp\/v2\/pages\/673"}],"collection":[{"href":"https:\/\/osteopatiagracia.com\/es\/wp-json\/wp\/v2\/pages"}],"about":[{"href":"https:\/\/osteopatiagracia.com\/es\/wp-json\/wp\/v2\/types\/page"}],"author":[{"embeddable":true,"href":"https:\/\/osteopatiagracia.com\/es\/wp-json\/wp\/v2\/users\/1"}],"replies":[{"embeddable":true,"href":"https:\/\/osteopatiagracia.com\/es\/wp-json\/wp\/v2\/comments?post=673"}],"version-history":[{"count":41,"href":"https:\/\/osteopatiagracia.com\/es\/wp-json\/wp\/v2\/pages\/673\/revisions"}],"predecessor-version":[{"id":1323,"href":"https:\/\/osteopatiagracia.com\/es\/wp-json\/wp\/v2\/pages\/673\/revisions\/1323"}],"wp:attachment":[{"href":"https:\/\/osteopatiagracia.com\/es\/wp-json\/wp\/v2\/media?parent=673"}],"curies":[{"name":"wp","href":"https:\/\/api.w.org\/{rel}","templated":true}]}}