{"id":63,"date":"2013-08-07T13:09:22","date_gmt":"2013-08-07T13:09:22","guid":{"rendered":"http:\/\/doctor.madza-wordpress-premium-themes.com\/?page_id=63"},"modified":"2015-08-02T09:32:03","modified_gmt":"2015-08-02T09:32:03","slug":"nota-legal","status":"publish","type":"page","link":"https:\/\/osteopatiagracia.com\/es\/nota-legal\/","title":{"rendered":"Nota Legal"},"content":{"rendered":"<p>Le informamos que los datos personales obtenidos mediante este formulario, as\u00ed como su direcci\u00f3n de correo electr\u00f3nico, han sido incorporados en un fichero del cual es responsable Laia \u00c1lvarez Subir\u00e0, con la finalidad de atender sus consultas y enviarle informaci\u00f3n relacionada con la entidad que pudiera ser de su inter\u00e9s.<br \/>\nLaia \u00c1lvarez Subir\u00e0 se compromete a usar los datos recogidos mediante este formulario \u00fanicamente para la finalidad anteriormente mencionada.<br \/>\nEl interesado declara tener conocimiento del destino y uso de los datos personales recogidos mediante la lectura de la presente cl\u00e1usula.<br \/>\nEl env\u00edo de los datos implica la aceptaci\u00f3n de las cl\u00e1usulas expuestas.<br \/>\nSi desea ejercer los derechos de acceso, rectificaci\u00f3n, cancelaci\u00f3n u oposici\u00f3n en los t\u00e9rminos establecidos en la Ley Org\u00e1nica 15\/1999, puede hacerlo a la siguiente direcci\u00f3n: Carrer Ramon i Cajal, num. 18, baixos esq, 08012, Barcelona.<br \/>\n<\/p>","protected":false},"excerpt":{"rendered":"<p>Le informamos que los datos personales obtenidos mediante este formulario, as\u00ed como su direcci\u00f3n de correo electr\u00f3nico, han sido incorporados en un fichero del cual es responsable Laia \u00c1lvarez Subir\u00e0, con la finalidad de atender sus consultas y enviarle informaci\u00f3n relacionada con la entidad que pudiera ser de su inter\u00e9s. Laia \u00c1lvarez Subir\u00e0 se compromete a usar los datos recogidos mediante este formulario \u00fanicamente para la finalidad anteriormente mencionada. El interesado declara tener conocimiento del destino y uso de los datos personales recogidos mediante la lectura de la presente cl\u00e1usula. El env\u00edo de los datos implica la aceptaci\u00f3n de las cl\u00e1usulas expuestas. Si desea ejercer los derechos de acceso, rectificaci\u00f3n, cancelaci\u00f3n u oposici\u00f3n en los t\u00e9rminos establecidos en la Ley Org\u00e1nica 15\/1999, puede hacerlo a la siguiente direcci\u00f3n: Carrer Ramon i Cajal, num. 18, baixos esq, 08012, Barcelona.<\/p>\n","protected":false},"author":1,"featured_media":0,"parent":0,"menu_order":0,"comment_status":"open","ping_status":"closed","template":"template-fullwith.php","meta":[],"_links":{"self":[{"href":"https:\/\/osteopatiagracia.com\/es\/wp-json\/wp\/v2\/pages\/63"}],"collection":[{"href":"https:\/\/osteopatiagracia.com\/es\/wp-json\/wp\/v2\/pages"}],"about":[{"href":"https:\/\/osteopatiagracia.com\/es\/wp-json\/wp\/v2\/types\/page"}],"author":[{"embeddable":true,"href":"https:\/\/osteopatiagracia.com\/es\/wp-json\/wp\/v2\/users\/1"}],"replies":[{"embeddable":true,"href":"https:\/\/osteopatiagracia.com\/es\/wp-json\/wp\/v2\/comments?post=63"}],"version-history":[{"count":5,"href":"https:\/\/osteopatiagracia.com\/es\/wp-json\/wp\/v2\/pages\/63\/revisions"}],"predecessor-version":[{"id":521,"href":"https:\/\/osteopatiagracia.com\/es\/wp-json\/wp\/v2\/pages\/63\/revisions\/521"}],"wp:attachment":[{"href":"https:\/\/osteopatiagracia.com\/es\/wp-json\/wp\/v2\/media?parent=63"}],"curies":[{"name":"wp","href":"https:\/\/api.w.org\/{rel}","templated":true}]}}