{"id":59,"date":"2013-08-07T13:08:00","date_gmt":"2013-08-07T13:08:00","guid":{"rendered":"http:\/\/doctor.madza-wordpress-premium-themes.com\/?page_id=59"},"modified":"2022-06-30T10:18:33","modified_gmt":"2022-06-30T10:18:33","slug":"contactar","status":"publish","type":"page","link":"https:\/\/osteopatiagracia.com\/es\/contactar\/","title":{"rendered":"Contacto"},"content":{"rendered":"<p><div class=\"wpb_row vc_row-fluid\">\n\t<div class=\"vc_span12 wpb_column column_container\">\n\t\t<div class=\"wpb_wrapper\">\n\t\t\t\n\t<div class=\"wpb_text_column wpb_content_element \">\n\t\t<div class=\"wpb_wrapper\">\n\t\t\t\n\t\t<\/div> \n\t<\/div> \n\t\t<\/div> \n\t<\/div> \n<\/div><div class=\"wpb_row vc_row-fluid\">\n\t<div class=\"vc_span12 wpb_column column_container\">\n\t\t<div class=\"wpb_wrapper\">\n\t\t\t\n\t<div class=\"wpb_text_column wpb_content_element \">\n\t\t<div class=\"wpb_wrapper\">\n\t\t\t\n\t\t<\/div> \n\t<\/div> \n\t\t<\/div> \n\t<\/div> \n<\/div><div class=\"wpb_row vc_row-fluid\">\n\t<div class=\"vc_span6 wpb_column column_container\">\n\t\t<div class=\"wpb_wrapper\">\n\t\t\t\n\t<div class=\"wpb_text_column wpb_content_element \">\n\t\t<div class=\"wpb_wrapper\">\n\t\t\t<h2>Formulario de contacto<\/h2>\n\n\t\t<\/div> \n\t<\/div> <div role=\"form\" class=\"wpcf7\" id=\"wpcf7-f745-o1\" lang=\"en-US\" dir=\"ltr\">\n<div class=\"screen-reader-response\"><\/div>\n<form action=\"\/es\/wp-json\/wp\/v2\/pages\/59#wpcf7-f745-o1\" method=\"post\" class=\"wpcf7-form mailchimp-ext-0.5.52\" novalidate=\"novalidate\">\n<div style=\"display: none;\">\n<input type=\"hidden\" name=\"_wpcf7\" value=\"745\" \/>\n<input type=\"hidden\" name=\"_wpcf7_version\" value=\"5.1.3\" \/>\n<input type=\"hidden\" name=\"_wpcf7_locale\" value=\"en_US\" \/>\n<input type=\"hidden\" name=\"_wpcf7_unit_tag\" value=\"wpcf7-f745-o1\" \/>\n<input type=\"hidden\" name=\"_wpcf7_container_post\" value=\"0\" \/>\n<input type=\"hidden\" name=\"g-recaptcha-response\" value=\"\" \/>\n<\/div>\n<p>De:<br \/>\n    <span class=\"wpcf7-form-control-wrap your-name\"><input type=\"text\" name=\"your-name\" value=\"\" size=\"40\" class=\"wpcf7-form-control wpcf7-text wpcf7-validates-as-required\" aria-required=\"true\" aria-invalid=\"false\" \/><\/span> <\/p>\n<p>E-mail:<br \/>\n    <span class=\"wpcf7-form-control-wrap your-email\"><input type=\"email\" name=\"your-email\" value=\"\" size=\"40\" class=\"wpcf7-form-control wpcf7-text wpcf7-email wpcf7-validates-as-required wpcf7-validates-as-email\" aria-required=\"true\" aria-invalid=\"false\" \/><\/span> <\/p>\n<p>Mensaje<br \/>\n    <span class=\"wpcf7-form-control-wrap your-message\"><textarea name=\"your-message\" cols=\"40\" rows=\"10\" class=\"wpcf7-form-control wpcf7-textarea\" aria-invalid=\"false\"><\/textarea><\/span> <\/p>\n<p> <a href=\"https:\/\/osteopatiagracia.com\/nota-legal\/\" target=\"_blank\"> Ver Pol\u00edtica de Privacidad<\/a> <\/p>\n\n<p><input type=\"submit\" value=\"Enviar\" class=\"wpcf7-form-control wpcf7-submit verd\" \/><\/p>\n<div class=\"wpcf7-response-output wpcf7-display-none\"><\/div><p style=\"display: none !important\"><span class=\"wpcf7-form-control-wrap referer-page\"><input type=\"hidden\" name=\"referer-page\" value=\"http:\/\/Direct%20Visit\" data-value=\"http:\/\/Direct%20Visit\" class=\"wpcf7-form-control wpcf7-text referer-page\" aria-invalid=\"false\"><\/span><\/p>\n<!-- Chimpmail extension by Renzo Johnson --><\/form><\/div>\n\t\t<\/div> \n\t<\/div> \n\n\t<div class=\"vc_span6 wpb_column column_container\">\n\t\t<div class=\"wpb_wrapper\">\n\t\t\t\n\t<div class=\"wpb_gmaps_widget wpb_content_element\">\n\t\t<div class=\"wpb_wrapper\"><div class=\"wpb_map_wraper\"><iframe width=\"100%\" height=\"250\" frameborder=\"0\" scrolling=\"no\" marginheight=\"0\" marginwidth=\"0\" src=\"https:\/\/maps.google.es\/maps?f=q&amp;source=s_q&amp;hl=ca&amp;geocode=&amp;q=centre+atlas+fisioterpia+gracia&amp;aq=&amp;sll=41.404304,2.144823&amp;sspn=0.049121,0.098019&amp;ie=UTF8&amp;hq=centre+atlas+fisioterpia&amp;hnear=Gr%C3%A0cia,+Barcelona,+Catalunya&amp;ll=41.40234,2.158264&amp;spn=0.017445,0.012657&amp;t=m&amp;output=embed&amp;gl=US&amp;mapclient=embed&amp;z=18&amp;t=m&amp;z=12&amp;output=embed\"><\/iframe><\/div>\n\t\t<\/div> \n\t<\/div> <div class=\"wpb_row vc_row-fluid\">\n\t<div class=\"vc_span12 wpb_column column_container\">\n\t\t<div class=\"wpb_wrapper\">\n\t\t\t\n\t<div class=\"wpb_text_column wpb_content_element \">\n\t\t<div class=\"wpb_wrapper\">\n\t\t\t<p>Tel\u00e9fono <strong>+34 653 99 41 54 <\/strong><br \/>\nDirecci\u00f3n\u00a0<strong>Ram\u00f3n i Cajal n\u00ba18 baixos esq. 08012 Barcelona<\/strong><\/p>\n\n\t\t<\/div> \n\t<\/div> \n\t\t<\/div> \n\t<\/div> \n<\/div><div class=\"wpb_row vc_row-fluid\">\n\t<div class=\"vc_span6 wpb_column column_container\">\n\t\t<div class=\"wpb_wrapper\">\n\t\t\t\n\t<div class=\"wpb_text_column wpb_content_element \">\n\t\t<div class=\"wpb_wrapper\">\n\t\t\t<p>Laia Alvarez Subira <strong>Col.legiada num: 4699<\/strong><\/p>\n\n\t\t<\/div> \n\t<\/div> \n\t\t<\/div> \n\t<\/div> \n\n\t<div class=\"vc_span6 wpb_column column_container\">\n\t\t<div class=\"wpb_wrapper\">\n\t\t\t\n\t\t<\/div> \n\t<\/div> \n<\/div>\n\t\t<\/div> \n\t<\/div> \n<\/div><div class=\"wpb_row vc_row-fluid\">\n\t<div class=\"vc_span12 wpb_column column_container\">\n\t\t<div class=\"wpb_wrapper\">\n\t\t\t\n\t<div class=\"wpb_text_column wpb_content_element \">\n\t\t<div class=\"wpb_wrapper\">\n\t\t\t<p>Somos un centro especializado en fisioterapia y osteopatia situado en el centro del maravilloso Barrio de Gracia.<\/p>\n<p>Para contactar con nuestro centro podeis enviar un WhaptsApp a <a href=\"https:\/\/wa.me\/34653994154\">653 99 41 54<\/a> o escribirnos un email a:<a href=\"mailto: info@osteopatiagracia.com\">info@osteopatiagracia.com<\/a>. Tambi\u00e9n podeis seguirnos en Instagram: <a href=\"https:\/\/www.instagram.com\/osteopatiagracia\/\">@osteopatiagracia<\/a><\/p>\n<p>Muchas gracias, espero que nos veamos pronto para poderte ayudar.<\/p>\n\n\t\t<\/div> \n\t<\/div> \n\t\t<\/div> \n\t<\/div> \n<\/div><div class=\"wpb_row vc_row-fluid\">\n\t<div class=\"vc_span12 wpb_column column_container\">\n\t\t<div class=\"wpb_wrapper\">\n\t\t\t\n\t<div class=\"wpb_text_column wpb_content_element \">\n\t\t<div class=\"wpb_wrapper\">\n\t\t\t\n\t\t<\/div> \n\t<\/div> \n\t\t<\/div> \n\t<\/div> \n<\/div><div class=\"wpb_row vc_row-fluid\">\n\t<div class=\"vc_span12 wpb_column column_container\">\n\t\t<div class=\"wpb_wrapper\">\n\t\t\t\n\t<div class=\"wpb_text_column wpb_content_element \">\n\t\t<div class=\"wpb_wrapper\">\n\t\t\t\n\t\t<\/div> \n\t<\/div> \n\t\t<\/div> \n\t<\/div> \n<\/div><\/p>","protected":false},"excerpt":{"rendered":"Formulario de contacto De: E-mail: Mensaje Ver Pol\u00edtica de Privacidad Tel\u00e9fono +34 653 99 41 54 Direcci\u00f3n\u00a0Ram\u00f3n i Cajal n\u00ba18 baixos esq. 08012 Barcelona Laia Alvarez Subira Col.legiada num: 4699 Somos un centro especializado en fisioterapia y osteopatia situado en el centro del maravilloso Barrio de Gracia. Para contactar con nuestro centro podeis enviar un WhaptsApp a 653 99 41 54 o escribirnos un email a:info@osteopatiagracia.com. Tambi\u00e9n podeis seguirnos en Instagram: @osteopatiagracia Muchas gracias, espero que nos veamos pronto para poderte ayudar.","protected":false},"author":1,"featured_media":0,"parent":0,"menu_order":0,"comment_status":"closed","ping_status":"closed","template":"","meta":[],"_links":{"self":[{"href":"https:\/\/osteopatiagracia.com\/es\/wp-json\/wp\/v2\/pages\/59"}],"collection":[{"href":"https:\/\/osteopatiagracia.com\/es\/wp-json\/wp\/v2\/pages"}],"about":[{"href":"https:\/\/osteopatiagracia.com\/es\/wp-json\/wp\/v2\/types\/page"}],"author":[{"embeddable":true,"href":"https:\/\/osteopatiagracia.com\/es\/wp-json\/wp\/v2\/users\/1"}],"replies":[{"embeddable":true,"href":"https:\/\/osteopatiagracia.com\/es\/wp-json\/wp\/v2\/comments?post=59"}],"version-history":[{"count":42,"href":"https:\/\/osteopatiagracia.com\/es\/wp-json\/wp\/v2\/pages\/59\/revisions"}],"predecessor-version":[{"id":1295,"href":"https:\/\/osteopatiagracia.com\/es\/wp-json\/wp\/v2\/pages\/59\/revisions\/1295"}],"wp:attachment":[{"href":"https:\/\/osteopatiagracia.com\/es\/wp-json\/wp\/v2\/media?parent=59"}],"curies":[{"name":"wp","href":"https:\/\/api.w.org\/{rel}","templated":true}]}}