{"id":54,"date":"2013-08-07T13:03:43","date_gmt":"2013-08-07T13:03:43","guid":{"rendered":"http:\/\/doctor.madza-wordpress-premium-themes.com\/?page_id=54"},"modified":"2021-03-14T09:57:13","modified_gmt":"2021-03-14T09:57:13","slug":"nosotros","status":"publish","type":"page","link":"https:\/\/osteopatiagracia.com\/es\/nosotros\/","title":{"rendered":"Nosotros"},"content":{"rendered":"<p><br \/>\nSomos un equipo de fisioterapeutas y osteopatas con m\u00e1s de 10 a\u00f1os de experiencia en el sector p\u00fablico y privado. Entre nuestras habilidades puedes encontrar tratamientos estructurales y posturales, viscerales, de pre y post parto, del suelo p\u00e8lvico, fisioterapia respirat\u00f2ria infantil y para adultos, entrenamiento post cirugia, entrenamiento al esfuerzo post Covid, tape, punci\u00f3 seca, orientaci\u00f3n alimenticia, &#8230;<br \/>\n<div class=\"wpb_row vc_row-fluid\">\n\t<div class=\"vc_span12 wpb_column column_container\">\n\t\t<div class=\"wpb_wrapper\">\n\t\t\t\n\t<div class=\"wpb_text_column wpb_content_element  wpb_animate_when_almost_visible wpb_top-to-bottom\">\n\t\t<div class=\"wpb_wrapper\">\n\t\t\t\n\t\t<\/div> \n\t<\/div> <div style=\"padding-top:15px\"><\/div>\n\t<div class=\"vc_span4 wpb_column column_container\">\n\t\t<div class=\"wpb_wrapper\">\n\t\t\t\n\t\t<\/div> \n\t<\/div> \n<div class=\"row grid cs-style-3\"><div class=\"span4 wpb_animate_when_almost_visible wpb_top-to-bottom\">\n\t\t\t\t\t\t  <figure>\n\t\t\t\t\t\t\t\t<a href=\"https:\/\/osteopatiagracia.com\/es\/our-doctors\/laia\/\"><img  src=\"https:\/\/osteopatiagracia.com\/wp-content\/uploads\/2013\/08\/laia-alvarez-fisio-osteopatia-300x350.jpg\" alt=\"\"><\/a>\n\t\t\t\t\t\t\t\t<figcaption>\n\t\t\t\t\t\t\t\t\t<h3>Laia Alvarez Subir\u00e0<\/h3>\n\t\t\t\t\t\t\t\t\t<p>(Catal\u00e0) Osteopata i fisoterapeuta col\u00b7legiat num. 4699<\/p>\n\t\t\t\t\t\t\t\t\t<a href=\"https:\/\/osteopatiagracia.com\/es\/our-doctors\/laia\/\">M\u00e1s informaci\u00f3n<\/a>\n\t\t\t\t\t\t\t\t<\/figcaption>\n\t\t\t\t\t\t\t<\/figure><\/div><\/div>\n\t\t<\/div> \n\t<\/div> \n<\/div> <div class=\"wpb_row vc_row-fluid\">\n\t<div class=\"vc_span12 wpb_column column_container\">\n\t\t<div class=\"wpb_wrapper\">\n\t\t\t\n\t<div class=\"wpb_text_column wpb_content_element  wpb_animate_when_almost_visible wpb_top-to-bottom\">\n\t\t<div class=\"wpb_wrapper\">\n\t\t\t\n\t\t<\/div> \n\t<\/div> <div style=\"padding-top:15px\"><\/div>\n\t<div class=\"vc_span2 wpb_column column_container\">\n\t\t<div class=\"wpb_wrapper\">\n\t\t\t\n\t\t<\/div> \n\t<\/div> \n<div class=\"row grid cs-style-3\"><div class=\"span4 wpb_animate_when_almost_visible wpb_top-to-bottom\">\n\t\t\t\t\t\t  <figure>\n\t\t\t\t\t\t\t\t<a href=\"https:\/\/osteopatiagracia.com\/es\/portfolio\/nuestro-centro\/\"><img  src=\"https:\/\/osteopatiagracia.com\/wp-content\/uploads\/2014\/04\/2013-12-13-12.32.27-1024x577-300x180.jpg\" alt=\"\"><\/a>\n\t\t\t\t\t\t\t\t<figcaption>\n\t\t\t\t\t\t\t\t\t<h3>Nuestro centro<\/h3>\n\t\t\t\t\t\t\t\t\t<p>Nuestro centro es tu centro de Gr\u00e0cia formado por...<\/p>\n\t\t\t\t\t\t\t\t\t<a href=\"https:\/\/osteopatiagracia.com\/es\/portfolio\/nuestro-centro\/\">M\u00e1s informaci\u00f3n<\/a>\n\t\t\t\t\t\t\t\t<\/figcaption>\n\t\t\t\t\t\t\t<\/figure><\/div><div class=\"span4 wpb_animate_when_almost_visible wpb_top-to-bottom\">\n\t\t\t\t\t\t  <figure>\n\t\t\t\t\t\t\t\t<a href=\"https:\/\/osteopatiagracia.com\/es\/portfolio\/la-nostra-escola\/\"><img  src=\"https:\/\/osteopatiagracia.com\/wp-content\/uploads\/2014\/04\/lanostraescolaosteopatiabarcelona-300x180.jpg\" alt=\"\"><\/a>\n\t\t\t\t\t\t\t\t<figcaption>\n\t\t\t\t\t\t\t\t\t<h3>Nuestra escuela<\/h3>\n\t\t\t\t\t\t\t\t\t<p>La escuela de la que venimos es la Fundaci\u00f3n MES....<\/p>\n\t\t\t\t\t\t\t\t\t<a href=\"https:\/\/osteopatiagracia.com\/es\/portfolio\/la-nostra-escola\/\">M\u00e1s informaci\u00f3n<\/a>\n\t\t\t\t\t\t\t\t<\/figcaption>\n\t\t\t\t\t\t\t<\/figure><\/div><\/div>\n\t\t<\/div> \n\t<\/div> \n<\/div>\n<p><\/p>","protected":false},"excerpt":{"rendered":"<p>Somos un equipo de fisioterapeutas y osteopatas con m\u00e1s de 10 a\u00f1os de experiencia en el sector p\u00fablico y privado. Entre nuestras habilidades puedes encontrar tratamientos estructurales y posturales, viscerales, de pre y post parto, del suelo p\u00e8lvico, fisioterapia respirat\u00f2ria infantil y para adultos, entrenamiento post cirugia, entrenamiento al esfuerzo post Covid, tape, punci\u00f3 seca, orientaci\u00f3n alimenticia, &#8230;<\/p>\n","protected":false},"author":1,"featured_media":0,"parent":0,"menu_order":0,"comment_status":"closed","ping_status":"closed","template":"","meta":[],"_links":{"self":[{"href":"https:\/\/osteopatiagracia.com\/es\/wp-json\/wp\/v2\/pages\/54"}],"collection":[{"href":"https:\/\/osteopatiagracia.com\/es\/wp-json\/wp\/v2\/pages"}],"about":[{"href":"https:\/\/osteopatiagracia.com\/es\/wp-json\/wp\/v2\/types\/page"}],"author":[{"embeddable":true,"href":"https:\/\/osteopatiagracia.com\/es\/wp-json\/wp\/v2\/users\/1"}],"replies":[{"embeddable":true,"href":"https:\/\/osteopatiagracia.com\/es\/wp-json\/wp\/v2\/comments?post=54"}],"version-history":[{"count":53,"href":"https:\/\/osteopatiagracia.com\/es\/wp-json\/wp\/v2\/pages\/54\/revisions"}],"predecessor-version":[{"id":406,"href":"https:\/\/osteopatiagracia.com\/es\/wp-json\/wp\/v2\/pages\/54\/revisions\/406"}],"wp:attachment":[{"href":"https:\/\/osteopatiagracia.com\/es\/wp-json\/wp\/v2\/media?parent=54"}],"curies":[{"name":"wp","href":"https:\/\/api.w.org\/{rel}","templated":true}]}}