{"id":133,"date":"2013-08-06T16:46:13","date_gmt":"2013-08-06T16:46:13","guid":{"rendered":"http:\/\/doctor.madza-wordpress-premium-themes.com\/?page_id=6"},"modified":"2022-03-24T15:03:27","modified_gmt":"2022-03-24T15:03:27","slug":"centro-fisioterapia-osteopatia","status":"publish","type":"page","link":"https:\/\/osteopatiagracia.com\/es\/","title":{"rendered":"Inici"},"content":{"rendered":"<p><div class=\"wpb_row vc_row-fluid\">\n\t<div class=\"vc_span12 wpb_column column_container\">\n\t\t<div class=\"wpb_wrapper\">\n\t\t\t\n\t<div class=\"wpb_text_column wpb_content_element  wpb_animate_when_almost_visible wpb_top-to-bottom\">\n\t\t<div class=\"wpb_wrapper\">\n\t\t\t<h1 style=\"text-align: center; color: #000000;\">Bienvenidos al centro ATLAS en Gracia<\/h1>\n<h3 style=\"text-align: center;\">En el centro Atlas encontrar\u00e1 un equipo que trabaja desde el 2006 para ofrecer soluciones a sus problemas de salud con la m\u00e1xima responsabilidad y profesionalidad.<\/h3>\n<h3 style=\"text-align: center;\">Por eso desde el centro Atlas nos comprometemos con su salud.<\/h3>\n<h3 style=\"text-align: center;\">Todo nuestro equipo est\u00e1 formado y titulado oficialmente, adheridos al colegio de fisioterapeutas de Catalu\u00f1a, y con formaciones complementarias en Osteopat\u00eda, Pre y post Parto, Uroginecolog\u00eda y Nutrici\u00f3n para hacer un abordaje global e integral del paciente.<\/h3>\n\n\t\t<\/div> \n\t<\/div> \n\t\t<\/div> \n\t<\/div> \n<\/div><\/p>","protected":false},"excerpt":{"rendered":"<p>Disculpa, pero esta entrada est\u00e1 disponible s\u00f3lo en Catal\u00e0.<\/p>\n","protected":false},"author":1,"featured_media":0,"parent":0,"menu_order":0,"comment_status":"closed","ping_status":"closed","template":"","meta":[],"_links":{"self":[{"href":"https:\/\/osteopatiagracia.com\/es\/wp-json\/wp\/v2\/pages\/133"}],"collection":[{"href":"https:\/\/osteopatiagracia.com\/es\/wp-json\/wp\/v2\/pages"}],"about":[{"href":"https:\/\/osteopatiagracia.com\/es\/wp-json\/wp\/v2\/types\/page"}],"author":[{"embeddable":true,"href":"https:\/\/osteopatiagracia.com\/es\/wp-json\/wp\/v2\/users\/1"}],"replies":[{"embeddable":true,"href":"https:\/\/osteopatiagracia.com\/es\/wp-json\/wp\/v2\/comments?post=133"}],"version-history":[{"count":53,"href":"https:\/\/osteopatiagracia.com\/es\/wp-json\/wp\/v2\/pages\/133\/revisions"}],"predecessor-version":[{"id":832,"href":"https:\/\/osteopatiagracia.com\/es\/wp-json\/wp\/v2\/pages\/133\/revisions\/832"}],"wp:attachment":[{"href":"https:\/\/osteopatiagracia.com\/es\/wp-json\/wp\/v2\/media?parent=133"}],"curies":[{"name":"wp","href":"https:\/\/api.w.org\/{rel}","templated":true}]}}