{"id":673,"date":"2021-03-26T11:56:36","date_gmt":"2021-03-26T11:56:36","guid":{"rendered":"https:\/\/osteopatiagracia.com\/especialidades-y-tratamientos-2\/"},"modified":"2023-01-04T09:50:15","modified_gmt":"2023-01-04T09:50:15","slug":"productes","status":"publish","type":"page","link":"https:\/\/osteopatiagracia.com\/ca\/productes\/","title":{"rendered":"Cosm\u00e8tica i suplementaci\u00f3 ecol\u00f2gica"},"content":{"rendered":"<p><div class=\"wpb_row vc_row-fluid\">\n\t<div class=\"vc_span12 wpb_column column_container\">\n\t\t<div class=\"wpb_wrapper\">\n\t\t\t\n\t<div class=\"wpb_gallery wpb_content_element clearfix\">\n\t\t<div class=\"wpb_wrapper\"><div class=\"wpb_gallery_slides wpb_flexslider flexslider_fade flexslider\" data-interval=\"3\" data-flex_fx=\"fade\"><ul class=\"slides\"><li><a href=\"https:\/\/2552678.ringana.com\" target=\"_self\"><img width=\"960\" height=\"350\" src=\"https:\/\/osteopatiagracia.com\/wp-content\/uploads\/2022\/11\/suplementatio1.jpg\" class=\"attachment-full size-full\" alt=\"\" decoding=\"async\" loading=\"lazy\" srcset=\"https:\/\/osteopatiagracia.com\/wp-content\/uploads\/2022\/11\/suplementatio1.jpg 960w, https:\/\/osteopatiagracia.com\/wp-content\/uploads\/2022\/11\/suplementatio1-300x109.jpg 300w, https:\/\/osteopatiagracia.com\/wp-content\/uploads\/2022\/11\/suplementatio1-768x280.jpg 768w\" sizes=\"(max-width: 960px) 100vw, 960px\" \/><\/a><\/li><\/ul><\/div>\n\t\t<\/div> \n\t<\/div> \n\t<div class=\"wpb_text_column wpb_content_element \">\n\t\t<div class=\"wpb_wrapper\">\n\t\t\t<p>&nbsp;<\/p>\n<p>S\u00f3c fisioterapeuta i oste\u00f2pata des de fa m\u00e9s de 15 anys. Sempre m&#8217;ha interessat la salut i el benestar de la gent per aix\u00f2 no he parat de formar-me en aquest camp sempre d&#8217;una forma saludable, ecol\u00f2gica i d&#8217;acord amb el nostre metabolisme. Des de fa un temps a m\u00e9s m&#8217;he estat formant en suplementaci\u00f3 per aix\u00f2 he decidit formar part d&#8217;una empresa sostenible, \u00e8tica ja que nom\u00e9s treballa amb petits agricultors sempre en el lloc d&#8217;origen i ecol\u00f2gica com \u00e9s Ringana.<br \/>\nRingana funciona perqu\u00e8 tots els seus productes s\u00f3n 100% principis actius. La seva metodologia est\u00e0 basada en les sinergies de la medicina xinesa i ayurveda. I no contenen conservants artificials ni productes de base gen\u00e8ticament modificats.<\/p>\n\n\t\t<\/div> \n\t<\/div> <div class=\"wpb_row vc_row-fluid\">\n\t<div class=\"vc_span12 wpb_column column_container\">\n\t\t<div class=\"wpb_wrapper\">\n\t\t\t\n\t<div class=\"wpb_gallery wpb_content_element clearfix\">\n\t\t<div class=\"wpb_wrapper\"><div class=\"wpb_gallery_slides wpb_flexslider flexslider_fade flexslider\" data-interval=\"3\" data-flex_fx=\"fade\"><ul class=\"slides\"><li><a href=\"https:\/\/2552678.ringana.com\" target=\"_self\"><img width=\"800\" height=\"600\" src=\"https:\/\/osteopatiagracia.com\/wp-content\/uploads\/2021\/04\/ringana-productes2.jpg\" class=\"attachment-full size-full\" alt=\"ringana productes\" decoding=\"async\" loading=\"lazy\" srcset=\"https:\/\/osteopatiagracia.com\/wp-content\/uploads\/2021\/04\/ringana-productes2.jpg 800w, https:\/\/osteopatiagracia.com\/wp-content\/uploads\/2021\/04\/ringana-productes2-300x225.jpg 300w, https:\/\/osteopatiagracia.com\/wp-content\/uploads\/2021\/04\/ringana-productes2-768x576.jpg 768w\" sizes=\"(max-width: 800px) 100vw, 800px\" \/><\/a><\/li><li><img width=\"800\" height=\"600\" src=\"https:\/\/osteopatiagracia.com\/wp-content\/uploads\/2021\/04\/ringana-productes3.jpg\" class=\"attachment-full size-full\" alt=\"ringana productes\" decoding=\"async\" loading=\"lazy\" srcset=\"https:\/\/osteopatiagracia.com\/wp-content\/uploads\/2021\/04\/ringana-productes3.jpg 800w, https:\/\/osteopatiagracia.com\/wp-content\/uploads\/2021\/04\/ringana-productes3-300x225.jpg 300w, https:\/\/osteopatiagracia.com\/wp-content\/uploads\/2021\/04\/ringana-productes3-768x576.jpg 768w\" sizes=\"(max-width: 800px) 100vw, 800px\" \/><\/li><li><img width=\"800\" height=\"600\" src=\"https:\/\/osteopatiagracia.com\/wp-content\/uploads\/2021\/04\/ringana-productes4.jpg\" class=\"attachment-full size-full\" alt=\"ringana productes\" decoding=\"async\" loading=\"lazy\" srcset=\"https:\/\/osteopatiagracia.com\/wp-content\/uploads\/2021\/04\/ringana-productes4.jpg 800w, https:\/\/osteopatiagracia.com\/wp-content\/uploads\/2021\/04\/ringana-productes4-300x225.jpg 300w, https:\/\/osteopatiagracia.com\/wp-content\/uploads\/2021\/04\/ringana-productes4-768x576.jpg 768w\" sizes=\"(max-width: 800px) 100vw, 800px\" \/><\/li><li><img width=\"800\" height=\"600\" src=\"https:\/\/osteopatiagracia.com\/wp-content\/uploads\/2021\/04\/ringana-productes5.jpg\" class=\"attachment-full size-full\" alt=\"ringana productes\" decoding=\"async\" loading=\"lazy\" srcset=\"https:\/\/osteopatiagracia.com\/wp-content\/uploads\/2021\/04\/ringana-productes5.jpg 800w, https:\/\/osteopatiagracia.com\/wp-content\/uploads\/2021\/04\/ringana-productes5-300x225.jpg 300w, https:\/\/osteopatiagracia.com\/wp-content\/uploads\/2021\/04\/ringana-productes5-768x576.jpg 768w\" sizes=\"(max-width: 800px) 100vw, 800px\" \/><\/li><\/ul><\/div>\n\t\t<\/div> \n\t<\/div> \n\t\t<\/div> \n\t<\/div> \n<\/div><div style=\"padding-top:15px\"><\/div><div class=\"wpb_call_to_action wpb_content_element clearfix cta_align_bottom\"><h2 class=\"wpb_call_text\"><\/h2><a class=\"wpb_button_a\" href=\"https:\/\/2552678.ringana.com\"><span class=\"wpb_button  wpb_btn-success wpb_regularsize\">Veure tots els productes<\/span><\/a><\/div> \n\n\t<div class=\"wpb_gallery wpb_content_element clearfix\">\n\t\t<div class=\"wpb_wrapper\"><div class=\"wpb_gallery_slides wpb_flexslider flexslider_fade flexslider\" data-interval=\"3\" data-flex_fx=\"fade\"><ul class=\"slides\"><li><img width=\"1200\" height=\"787\" src=\"https:\/\/osteopatiagracia.com\/wp-content\/uploads\/2023\/01\/vende-tus-productos-online.jpg\" class=\"attachment-full size-full\" alt=\"\" decoding=\"async\" loading=\"lazy\" srcset=\"https:\/\/osteopatiagracia.com\/wp-content\/uploads\/2023\/01\/vende-tus-productos-online.jpg 1200w, https:\/\/osteopatiagracia.com\/wp-content\/uploads\/2023\/01\/vende-tus-productos-online-300x197.jpg 300w, https:\/\/osteopatiagracia.com\/wp-content\/uploads\/2023\/01\/vende-tus-productos-online-768x504.jpg 768w, https:\/\/osteopatiagracia.com\/wp-content\/uploads\/2023\/01\/vende-tus-productos-online-1024x672.jpg 1024w\" sizes=\"(max-width: 1200px) 100vw, 1200px\" \/><\/li><\/ul><\/div>\n\t\t<\/div> \n\t<\/div> \n\t<div class=\"wpb_text_column wpb_content_element \">\n\t\t<div class=\"wpb_wrapper\">\n\t\t\t<p style=\"text-align: centre;\">Vols unir-te al meu equip i liderar el teu propi negoci ecol\u00f2gic? <a href=\"https:\/\/osteopatiagracia.com\/contactar\/\">Contacta amb nosaltres i t&#8217;expliquem com crear la teva pr\u00f2pia botiga<\/a><\/p>\n\n\t\t<\/div> \n\t<\/div> <div class=\"wpb_call_to_action wpb_content_element clearfix cta_align_bottom\"><h2 class=\"wpb_call_text\"><\/h2><a class=\"wpb_button_a\" href=\"https:\/\/osteopatiagracia.com\/contactar\/\"><span class=\"wpb_button  wpb_btn-success wpb_regularsize\">Contactar<\/span><\/a><\/div> \n\n\t\t<\/div> \n\t<\/div> \n<\/div><\/p>","protected":false},"excerpt":{"rendered":"&nbsp; S\u00f3c fisioterapeuta i oste\u00f2pata des de fa m\u00e9s de 15 anys. Sempre m'ha interessat la salut i el benestar de la gent per aix\u00f2 no he parat de formar-me en aquest camp sempre d'una forma saludable, ecol\u00f2gica i d'acord amb el nostre metabolisme. Des de fa un temps a m\u00e9s m'he estat formant en suplementaci\u00f3 per aix\u00f2 he decidit formar part d'una empresa sostenible, \u00e8tica ja que nom\u00e9s treballa amb petits agricultors sempre en el lloc d'origen i ecol\u00f2gica com \u00e9s Ringana. Ringana funciona perqu\u00e8 tots els seus productes s\u00f3n 100% principis actius. La seva metodologia est\u00e0 basada en les sinergies de la medicina xinesa i ayurveda. I no contenen conservants artificials ni productes de base gen\u00e8ticament modificats. Veure tots els productes Vols unir-te al meu equip i liderar el teu propi negoci ecol\u00f2gic? Contacta amb nosaltres i t'expliquem com crear la teva pr\u00f2pia botiga Contactar","protected":false},"author":1,"featured_media":0,"parent":0,"menu_order":0,"comment_status":"closed","ping_status":"closed","template":"","meta":[],"_links":{"self":[{"href":"https:\/\/osteopatiagracia.com\/ca\/wp-json\/wp\/v2\/pages\/673"}],"collection":[{"href":"https:\/\/osteopatiagracia.com\/ca\/wp-json\/wp\/v2\/pages"}],"about":[{"href":"https:\/\/osteopatiagracia.com\/ca\/wp-json\/wp\/v2\/types\/page"}],"author":[{"embeddable":true,"href":"https:\/\/osteopatiagracia.com\/ca\/wp-json\/wp\/v2\/users\/1"}],"replies":[{"embeddable":true,"href":"https:\/\/osteopatiagracia.com\/ca\/wp-json\/wp\/v2\/comments?post=673"}],"version-history":[{"count":41,"href":"https:\/\/osteopatiagracia.com\/ca\/wp-json\/wp\/v2\/pages\/673\/revisions"}],"predecessor-version":[{"id":1323,"href":"https:\/\/osteopatiagracia.com\/ca\/wp-json\/wp\/v2\/pages\/673\/revisions\/1323"}],"wp:attachment":[{"href":"https:\/\/osteopatiagracia.com\/ca\/wp-json\/wp\/v2\/media?parent=673"}],"curies":[{"name":"wp","href":"https:\/\/api.w.org\/{rel}","templated":true}]}}