{"id":568,"date":"2017-01-31T16:34:35","date_gmt":"2017-01-31T16:34:35","guid":{"rendered":"https:\/\/osteopatiagracia.com\/?page_id=568"},"modified":"2022-10-04T15:44:27","modified_gmt":"2022-10-04T15:44:27","slug":"alquiler-sala","status":"publish","type":"page","link":"https:\/\/osteopatiagracia.com\/ca\/alquiler-sala\/","title":{"rendered":"Sala"},"content":{"rendered":"<p><div class=\"wpb_row vc_row-fluid\">\n\t<div class=\"vc_span12 wpb_column column_container\">\n\t\t<div class=\"wpb_wrapper\">\n\t\t\t\n\t<div class=\"wpb_text_column wpb_content_element \">\n\t\t<div class=\"wpb_wrapper\">\n\t\t\t\n\t\t<\/div> \n\t<\/div> \n\t\t<\/div> \n\t<\/div> \n<\/div><div class=\"wpb_row vc_row-fluid\">\n\t<div class=\"vc_span12 wpb_column column_container\">\n\t\t<div class=\"wpb_wrapper\">\n\t\t\t\n\t<div class=\"wpb_text_column wpb_content_element \">\n\t\t<div class=\"wpb_wrapper\">\n\t\t\t\n\t\t<\/div> \n\t<\/div> \n\t\t<\/div> \n\t<\/div> \n<\/div><div class=\"wpb_row vc_row-fluid\">\n\t<div class=\"vc_span12 wpb_column column_container\">\n\t\t<div class=\"wpb_wrapper\">\n\t\t\t\n\t<div class=\"wpb_gallery wpb_content_element clearfix\">\n\t\t<div class=\"wpb_wrapper\"><div class=\"wpb_gallery_slides wpb_flexslider flexslider_fade flexslider\" data-interval=\"3\" data-flex_fx=\"fade\"><ul class=\"slides\"><li><img width=\"960\" height=\"350\" src=\"https:\/\/osteopatiagracia.com\/wp-content\/uploads\/2014\/04\/elnostrecentre960x370-6.jpg\" class=\"attachment-full size-full\" alt=\"\" decoding=\"async\" loading=\"lazy\" srcset=\"https:\/\/osteopatiagracia.com\/wp-content\/uploads\/2014\/04\/elnostrecentre960x370-6.jpg 960w, https:\/\/osteopatiagracia.com\/wp-content\/uploads\/2014\/04\/elnostrecentre960x370-6-300x109.jpg 300w\" sizes=\"(max-width: 960px) 100vw, 960px\" \/><\/li><li><img width=\"960\" height=\"350\" src=\"https:\/\/osteopatiagracia.com\/wp-content\/uploads\/2014\/04\/elnostrecentre960x370-5.jpg\" class=\"attachment-full size-full\" alt=\"\" decoding=\"async\" loading=\"lazy\" srcset=\"https:\/\/osteopatiagracia.com\/wp-content\/uploads\/2014\/04\/elnostrecentre960x370-5.jpg 960w, https:\/\/osteopatiagracia.com\/wp-content\/uploads\/2014\/04\/elnostrecentre960x370-5-300x109.jpg 300w\" sizes=\"(max-width: 960px) 100vw, 960px\" \/><\/li><li><img width=\"960\" height=\"350\" src=\"https:\/\/osteopatiagracia.com\/wp-content\/uploads\/2014\/04\/elnostrecentre960x370-2.jpg\" class=\"attachment-full size-full\" alt=\"\" decoding=\"async\" loading=\"lazy\" srcset=\"https:\/\/osteopatiagracia.com\/wp-content\/uploads\/2014\/04\/elnostrecentre960x370-2.jpg 960w, https:\/\/osteopatiagracia.com\/wp-content\/uploads\/2014\/04\/elnostrecentre960x370-2-300x109.jpg 300w\" sizes=\"(max-width: 960px) 100vw, 960px\" \/><\/li><li><img width=\"960\" height=\"350\" src=\"https:\/\/osteopatiagracia.com\/wp-content\/uploads\/2014\/04\/elnostrecentre960x370-3.jpg\" class=\"attachment-full size-full\" alt=\"\" decoding=\"async\" loading=\"lazy\" srcset=\"https:\/\/osteopatiagracia.com\/wp-content\/uploads\/2014\/04\/elnostrecentre960x370-3.jpg 960w, https:\/\/osteopatiagracia.com\/wp-content\/uploads\/2014\/04\/elnostrecentre960x370-3-300x109.jpg 300w\" sizes=\"(max-width: 960px) 100vw, 960px\" \/><\/li><\/ul><\/div>\n\t\t<\/div> \n\t<\/div> \n\t<div class=\"wpb_text_column wpb_content_element \">\n\t\t<div class=\"wpb_wrapper\">\n\t\t\t<p>Al nostre centre de fisioter\u00e0pia i osteopatia posem en lloguer una sala terap\u00e8utica per fisioterapeutes, oste\u00f2pates, homeopates o acupuntors amb cartelera de pacients pr\u00f2pia. Disponibilitat matins i tardes a convenir.<\/p>\n<p>250 \u20ac al mes. Neteja, internet i suministres inclos. La consulta t\u00e9 una ubicaci\u00f3 excepcional al vell mig de la Vila de Gr\u00e0cia. Segur que estareu genial amb nosaltres i el barri. Us esperem per visitar-nos encantats.<\/p>\n\n\t\t<\/div> \n\t<\/div> \n\t\t<\/div> \n\t<\/div> \n<\/div><div class=\"wpb_row vc_row-fluid\">\n\t<div class=\"vc_span12 wpb_column column_container\">\n\t\t<div class=\"wpb_wrapper\">\n\t\t\t\n\t<div class=\"wpb_text_column wpb_content_element \">\n\t\t<div class=\"wpb_wrapper\">\n\t\t\t\n\t\t<\/div> \n\t<\/div> \n\t\t<\/div> \n\t<\/div> \n<\/div><\/p>","protected":false},"excerpt":{"rendered":"Al nostre centre de fisioter\u00e0pia i osteopatia posem en lloguer una sala terap\u00e8utica per fisioterapeutes, oste\u00f2pates, homeopates o acupuntors amb cartelera de pacients pr\u00f2pia. Disponibilitat matins i tardes a convenir. 250 \u20ac al mes. Neteja, internet i suministres inclos. La consulta t\u00e9 una ubicaci\u00f3 excepcional al vell mig de la Vila de Gr\u00e0cia. Segur que estareu genial amb nosaltres i el barri. Us esperem per visitar-nos encantats.","protected":false},"author":1,"featured_media":0,"parent":0,"menu_order":0,"comment_status":"closed","ping_status":"closed","template":"","meta":[],"_links":{"self":[{"href":"https:\/\/osteopatiagracia.com\/ca\/wp-json\/wp\/v2\/pages\/568"}],"collection":[{"href":"https:\/\/osteopatiagracia.com\/ca\/wp-json\/wp\/v2\/pages"}],"about":[{"href":"https:\/\/osteopatiagracia.com\/ca\/wp-json\/wp\/v2\/types\/page"}],"author":[{"embeddable":true,"href":"https:\/\/osteopatiagracia.com\/ca\/wp-json\/wp\/v2\/users\/1"}],"replies":[{"embeddable":true,"href":"https:\/\/osteopatiagracia.com\/ca\/wp-json\/wp\/v2\/comments?post=568"}],"version-history":[{"count":22,"href":"https:\/\/osteopatiagracia.com\/ca\/wp-json\/wp\/v2\/pages\/568\/revisions"}],"predecessor-version":[{"id":1307,"href":"https:\/\/osteopatiagracia.com\/ca\/wp-json\/wp\/v2\/pages\/568\/revisions\/1307"}],"wp:attachment":[{"href":"https:\/\/osteopatiagracia.com\/ca\/wp-json\/wp\/v2\/media?parent=568"}],"curies":[{"name":"wp","href":"https:\/\/api.w.org\/{rel}","templated":true}]}}