{"id":27,"date":"2013-08-06T23:11:08","date_gmt":"2013-08-06T23:11:08","guid":{"rendered":"http:\/\/doctor.madza-wordpress-premium-themes.com\/?page_id=27"},"modified":"2022-04-04T21:45:10","modified_gmt":"2022-04-04T21:45:10","slug":"especialidades-y-tratamientos","status":"publish","type":"page","link":"https:\/\/osteopatiagracia.com\/ca\/especialidades-y-tratamientos\/","title":{"rendered":"Especialitats"},"content":{"rendered":"<p><div class=\"wpb_row vc_row-fluid\">\n\t<div class=\"vc_span12 wpb_column column_container\">\n\t\t<div class=\"wpb_wrapper\">\n\t\t\t\n\t<div class=\"wpb_text_column wpb_content_element \">\n\t\t<div class=\"wpb_wrapper\">\n\t\t\t<p>Al Centre Atlas tenim diferents especialitats.<\/p>\n<p>Tria el tractament que m\u00e9s et convingui segons el moment i contacta&#8217;ns<\/p>\n\n\t\t<\/div> \n\t<\/div> <div style=\"padding-top:15px\"><\/div><div class=\"row grid cs-style-3\"><div class=\"span4\">\n\t\t\t\t\t\t  <figure>\n\t\t\t\t\t\t\t\t<a href=\"https:\/\/osteopatiagracia.com\/ca\/our-services\/cosmetica-suplementacion\/\"><img  src=\"https:\/\/osteopatiagracia.com\/wp-content\/uploads\/2022\/11\/suplementatio1-300x150.jpg\" alt=\"\"><\/a>\n\t\t\t\t\t\t\t\t<figcaption>\n\t\t\t\t\t\t\t\t\t<h3><i class=\"\"><\/i> Cosm\u00e8tica i Suplementaci\u00f3<\/h3>\n\t\t\t\t\t\t\t\t\t<p>Una forma saludable, ecol\u00f2gica i d&#8217;acord amb el nostre metaboli...<\/p>\n\t\t\t\t\t\t\t\t\t<a href=\"https:\/\/osteopatiagracia.com\/ca\/our-services\/cosmetica-suplementacion\/\">M\u00e9s informaci\u00f3<\/a>\n\t\t\t\t\t\t\t\t<\/figcaption>\n\t\t\t\t\t\t\t<\/figure><\/div><div class=\"span4\">\n\t\t\t\t\t\t  <figure>\n\t\t\t\t\t\t\t\t<a href=\"https:\/\/osteopatiagracia.com\/ca\/our-services\/pre-y-post-parto\/\"><img  src=\"https:\/\/osteopatiagracia.com\/wp-content\/uploads\/2013\/08\/prepostpart2-300x150.jpg\" alt=\"\"><\/a>\n\t\t\t\t\t\t\t\t<figcaption>\n\t\t\t\t\t\t\t\t\t<h3><i class=\"\"><\/i> Pre i post part<\/h3>\n\t\t\t\t\t\t\t\t\t<p>Prepart L&#8217;objectiu de la fisioter\u00e0pia durant el prepart es que ...<\/p>\n\t\t\t\t\t\t\t\t\t<a href=\"https:\/\/osteopatiagracia.com\/ca\/our-services\/pre-y-post-parto\/\">M\u00e9s informaci\u00f3<\/a>\n\t\t\t\t\t\t\t\t<\/figcaption>\n\t\t\t\t\t\t\t<\/figure><\/div><div class=\"span4\">\n\t\t\t\t\t\t  <figure>\n\t\t\t\t\t\t\t\t<a href=\"https:\/\/osteopatiagracia.com\/ca\/our-services\/hipopressius\/\"><img  src=\"https:\/\/osteopatiagracia.com\/wp-content\/uploads\/2021\/04\/hipopressius1-300x150.jpg\" alt=\"\"><\/a>\n\t\t\t\t\t\t\t\t<figcaption>\n\t\t\t\t\t\t\t\t\t<h3><i class=\"\"><\/i> Hipopressius i ex de Kegel<\/h3>\n\t\t\t\t\t\t\t\t\t<p>\u00c9s important cuidar el s\u00f2l p\u00e8lvic i la musculatura abdominal per ma...<\/p>\n\t\t\t\t\t\t\t\t\t<a href=\"https:\/\/osteopatiagracia.com\/ca\/our-services\/hipopressius\/\">M\u00e9s informaci\u00f3<\/a>\n\t\t\t\t\t\t\t\t<\/figcaption>\n\t\t\t\t\t\t\t<\/figure><\/div><div class=\"span4\">\n\t\t\t\t\t\t  <figure>\n\t\t\t\t\t\t\t\t<a href=\"https:\/\/osteopatiagracia.com\/ca\/our-services\/clases-yoga\/\"><img  src=\"https:\/\/osteopatiagracia.com\/wp-content\/uploads\/2022\/01\/yoga1-300x150.jpg\" alt=\"\"><\/a>\n\t\t\t\t\t\t\t\t<figcaption>\n\t\t\t\t\t\t\t\t\t<h3><i class=\"\"><\/i> Ioga multinivell<\/h3>\n\t\t\t\t\t\t\t\t\t<p>...<\/p>\n\t\t\t\t\t\t\t\t\t<a href=\"https:\/\/osteopatiagracia.com\/ca\/our-services\/clases-yoga\/\">M\u00e9s informaci\u00f3<\/a>\n\t\t\t\t\t\t\t\t<\/figcaption>\n\t\t\t\t\t\t\t<\/figure><\/div><div class=\"span4\">\n\t\t\t\t\t\t  <figure>\n\t\t\t\t\t\t\t\t<a href=\"https:\/\/osteopatiagracia.com\/ca\/our-services\/mindfulness-nens\/\"><img  src=\"https:\/\/osteopatiagracia.com\/wp-content\/uploads\/2022\/04\/mindfullnesskids2-300x150.jpg\" alt=\"\"><\/a>\n\t\t\t\t\t\t\t\t<figcaption>\n\t\t\t\t\t\t\t\t\t<h3><i class=\"\"><\/i> Mindfulness Nens\/nes<\/h3>\n\t\t\t\t\t\t\t\t\t<p>...<\/p>\n\t\t\t\t\t\t\t\t\t<a href=\"https:\/\/osteopatiagracia.com\/ca\/our-services\/mindfulness-nens\/\">M\u00e9s informaci\u00f3<\/a>\n\t\t\t\t\t\t\t\t<\/figcaption>\n\t\t\t\t\t\t\t<\/figure><\/div><div class=\"span4\">\n\t\t\t\t\t\t  <figure>\n\t\t\t\t\t\t\t\t<a href=\"https:\/\/osteopatiagracia.com\/ca\/our-services\/tratamientos-fisioterapia\/\"><img  src=\"https:\/\/osteopatiagracia.com\/wp-content\/uploads\/2013\/08\/fisioterapia960x370-300x150.jpg\" alt=\"\"><\/a>\n\t\t\t\t\t\t\t\t<figcaption>\n\t\t\t\t\t\t\t\t\t<h3><i class=\"\"><\/i> Fisioter\u00e0pia<\/h3>\n\t\t\t\t\t\t\t\t\t<p>L&#8217;objectiu de la fisioter\u00e0pia i del fisioterapeuta \u00e9s preserva...<\/p>\n\t\t\t\t\t\t\t\t\t<a href=\"https:\/\/osteopatiagracia.com\/ca\/our-services\/tratamientos-fisioterapia\/\">M\u00e9s informaci\u00f3<\/a>\n\t\t\t\t\t\t\t\t<\/figcaption>\n\t\t\t\t\t\t\t<\/figure><\/div><div class=\"span4\">\n\t\t\t\t\t\t  <figure>\n\t\t\t\t\t\t\t\t<a href=\"https:\/\/osteopatiagracia.com\/ca\/our-services\/osteopatia\/\"><img  src=\"https:\/\/osteopatiagracia.com\/wp-content\/uploads\/2013\/08\/osteopatia-1-300x150.jpg\" alt=\"\"><\/a>\n\t\t\t\t\t\t\t\t<figcaption>\n\t\t\t\t\t\t\t\t\t<h3><i class=\"\"><\/i> Osteopatia<\/h3>\n\t\t\t\t\t\t\t\t\t<p>Es la ter\u00e0pia manual global, que aborda el individu a nivell estructu...<\/p>\n\t\t\t\t\t\t\t\t\t<a href=\"https:\/\/osteopatiagracia.com\/ca\/our-services\/osteopatia\/\">M\u00e9s informaci\u00f3<\/a>\n\t\t\t\t\t\t\t\t<\/figcaption>\n\t\t\t\t\t\t\t<\/figure><\/div><div class=\"span4\">\n\t\t\t\t\t\t  <figure>\n\t\t\t\t\t\t\t\t<a href=\"https:\/\/osteopatiagracia.com\/ca\/our-services\/puncion-seca\/\"><img  src=\"https:\/\/osteopatiagracia.com\/wp-content\/uploads\/2021\/04\/puncio-seca1-300x150.jpg\" alt=\"\"><\/a>\n\t\t\t\t\t\t\t\t<figcaption>\n\t\t\t\t\t\t\t\t\t<h3><i class=\"\"><\/i> Punci\u00f3 seca<\/h3>\n\t\t\t\t\t\t\t\t\t<p>La punci\u00f3 seca \u00e9s una t\u00e8cnica invasiva utilitzada en fisioter\u00e0pia ...<\/p>\n\t\t\t\t\t\t\t\t\t<a href=\"https:\/\/osteopatiagracia.com\/ca\/our-services\/puncion-seca\/\">M\u00e9s informaci\u00f3<\/a>\n\t\t\t\t\t\t\t\t<\/figcaption>\n\t\t\t\t\t\t\t<\/figure><\/div><div class=\"span4\">\n\t\t\t\t\t\t  <figure>\n\t\t\t\t\t\t\t\t<a href=\"https:\/\/osteopatiagracia.com\/ca\/our-services\/entrenamiento-post-iq\/\"><img  src=\"https:\/\/osteopatiagracia.com\/wp-content\/uploads\/2021\/04\/post-iq1-300x150.jpg\" alt=\"\"><\/a>\n\t\t\t\t\t\t\t\t<figcaption>\n\t\t\t\t\t\t\t\t\t<h3><i class=\"\"><\/i> Entrenament post IQ<\/h3>\n\t\t\t\t\t\t\t\t\t<p>La fisioter\u00e0pia postquir\u00fargica juga un paper fonamental en la recupe...<\/p>\n\t\t\t\t\t\t\t\t\t<a href=\"https:\/\/osteopatiagracia.com\/ca\/our-services\/entrenamiento-post-iq\/\">M\u00e9s informaci\u00f3<\/a>\n\t\t\t\t\t\t\t\t<\/figcaption>\n\t\t\t\t\t\t\t<\/figure><\/div><div class=\"span4\">\n\t\t\t\t\t\t  <figure>\n\t\t\t\t\t\t\t\t<a href=\"https:\/\/osteopatiagracia.com\/ca\/our-services\/atm\/\"><img  src=\"https:\/\/osteopatiagracia.com\/wp-content\/uploads\/2021\/04\/atm3-300x150.jpg\" alt=\"\"><\/a>\n\t\t\t\t\t\t\t\t<figcaption>\n\t\t\t\t\t\t\t\t\t<h3><i class=\"\"><\/i> ATM<\/h3>\n\t\t\t\t\t\t\t\t\t<p>Els problemes funcionals de l&#8217;ATM i \/ o dels m\u00fasculs que mouen ...<\/p>\n\t\t\t\t\t\t\t\t\t<a href=\"https:\/\/osteopatiagracia.com\/ca\/our-services\/atm\/\">M\u00e9s informaci\u00f3<\/a>\n\t\t\t\t\t\t\t\t<\/figcaption>\n\t\t\t\t\t\t\t<\/figure><\/div><div class=\"span4\">\n\t\t\t\t\t\t  <figure>\n\t\t\t\t\t\t\t\t<a href=\"https:\/\/osteopatiagracia.com\/ca\/our-services\/tape\/\"><img  src=\"https:\/\/osteopatiagracia.com\/wp-content\/uploads\/2014\/05\/kinesotape960x370-300x150.jpg\" alt=\"\"><\/a>\n\t\t\t\t\t\t\t\t<figcaption>\n\t\t\t\t\t\t\t\t\t<h3><i class=\"\"><\/i> Tape<\/h3>\n\t\t\t\t\t\t\t\t\t<p>El embenat neuromuscular o m\u00e9s conegut com kinesiotape, basat en la q...<\/p>\n\t\t\t\t\t\t\t\t\t<a href=\"https:\/\/osteopatiagracia.com\/ca\/our-services\/tape\/\">M\u00e9s informaci\u00f3<\/a>\n\t\t\t\t\t\t\t\t<\/figcaption>\n\t\t\t\t\t\t\t<\/figure><\/div><div class=\"span4\">\n\t\t\t\t\t\t  <figure>\n\t\t\t\t\t\t\t\t<a href=\"https:\/\/osteopatiagracia.com\/ca\/our-services\/drenaje-linfatico\/\"><img  src=\"https:\/\/osteopatiagracia.com\/wp-content\/uploads\/2021\/04\/drenaje-linfatico4-300x150.jpg\" alt=\"\"><\/a>\n\t\t\t\t\t\t\t\t<figcaption>\n\t\t\t\t\t\t\t\t\t<h3><i class=\"\"><\/i> Drenatge limf\u00e0tic<\/h3>\n\t\t\t\t\t\t\t\t\t<p>El Drenatge Limf\u00e0tic Manual, \u00e9s una t\u00e8cnica de fisioter\u00e0pia que co...<\/p>\n\t\t\t\t\t\t\t\t\t<a href=\"https:\/\/osteopatiagracia.com\/ca\/our-services\/drenaje-linfatico\/\">M\u00e9s informaci\u00f3<\/a>\n\t\t\t\t\t\t\t\t<\/figcaption>\n\t\t\t\t\t\t\t<\/figure><\/div><div class=\"span4\">\n\t\t\t\t\t\t  <figure>\n\t\t\t\t\t\t\t\t<a href=\"https:\/\/osteopatiagracia.com\/ca\/our-services\/respiratoria-pediatrica\/\"><img  src=\"https:\/\/osteopatiagracia.com\/wp-content\/uploads\/2013\/08\/IMG_3395-1024x576-300x150.jpg\" alt=\"\"><\/a>\n\t\t\t\t\t\t\t\t<figcaption>\n\t\t\t\t\t\t\t\t\t<h3><i class=\"\"><\/i> Respirat\u00f2ria pedi\u00e0trica<\/h3>\n\t\t\t\t\t\t\t\t\t<p>La t\u00e9cnica s\u2019anomena AFE: Acceleraci\u00f3 del fluxe espiratori. La ses...<\/p>\n\t\t\t\t\t\t\t\t\t<a href=\"https:\/\/osteopatiagracia.com\/ca\/our-services\/respiratoria-pediatrica\/\">M\u00e9s informaci\u00f3<\/a>\n\t\t\t\t\t\t\t\t<\/figcaption>\n\t\t\t\t\t\t\t<\/figure><\/div><div class=\"span4\">\n\t\t\t\t\t\t  <figure>\n\t\t\t\t\t\t\t\t<a href=\"https:\/\/osteopatiagracia.com\/ca\/our-services\/uroginecologia\/\"><img  src=\"https:\/\/osteopatiagracia.com\/wp-content\/uploads\/2013\/08\/uriginecologia960x350-300x150.jpg\" alt=\"\"><\/a>\n\t\t\t\t\t\t\t\t<figcaption>\n\t\t\t\t\t\t\t\t\t<h3><i class=\"\"><\/i> Uroginecologia<\/h3>\n\t\t\t\t\t\t\t\t\t<p>La fisioterapia i la osteopatia en la reducaci\u00f3 del s\u00f2l p\u00e8lvic mill...<\/p>\n\t\t\t\t\t\t\t\t\t<a href=\"https:\/\/osteopatiagracia.com\/ca\/our-services\/uroginecologia\/\">M\u00e9s informaci\u00f3<\/a>\n\t\t\t\t\t\t\t\t<\/figcaption>\n\t\t\t\t\t\t\t<\/figure><\/div><div class=\"span4\">\n\t\t\t\t\t\t  <figure>\n\t\t\t\t\t\t\t\t<a href=\"https:\/\/osteopatiagracia.com\/ca\/our-services\/colicos-bebes\/\"><img  src=\"https:\/\/osteopatiagracia.com\/wp-content\/uploads\/2021\/04\/IMG_3400-768x432-300x150.jpg\" alt=\"\"><\/a>\n\t\t\t\t\t\t\t\t<figcaption>\n\t\t\t\t\t\t\t\t\t<h3><i class=\"\"><\/i> Massatges C\u00f2lics<\/h3>\n\t\t\t\t\t\t\t\t\t<p>Quan el\/la beb\u00e8 empassa aire mentre est\u00e0 alletant o quan la llet esb...<\/p>\n\t\t\t\t\t\t\t\t\t<a href=\"https:\/\/osteopatiagracia.com\/ca\/our-services\/colicos-bebes\/\">M\u00e9s informaci\u00f3<\/a>\n\t\t\t\t\t\t\t\t<\/figcaption>\n\t\t\t\t\t\t\t<\/figure><\/div><\/div>\n\t\t<\/div> \n\t<\/div> \n<\/div><\/p>","protected":false},"excerpt":{"rendered":"<p>Encara no hi ha traducci\u00f3 per aquest tema<\/p>\n","protected":false},"author":1,"featured_media":0,"parent":0,"menu_order":0,"comment_status":"closed","ping_status":"closed","template":"","meta":[],"_links":{"self":[{"href":"https:\/\/osteopatiagracia.com\/ca\/wp-json\/wp\/v2\/pages\/27"}],"collection":[{"href":"https:\/\/osteopatiagracia.com\/ca\/wp-json\/wp\/v2\/pages"}],"about":[{"href":"https:\/\/osteopatiagracia.com\/ca\/wp-json\/wp\/v2\/types\/page"}],"author":[{"embeddable":true,"href":"https:\/\/osteopatiagracia.com\/ca\/wp-json\/wp\/v2\/users\/1"}],"replies":[{"embeddable":true,"href":"https:\/\/osteopatiagracia.com\/ca\/wp-json\/wp\/v2\/comments?post=27"}],"version-history":[{"count":14,"href":"https:\/\/osteopatiagracia.com\/ca\/wp-json\/wp\/v2\/pages\/27\/revisions"}],"predecessor-version":[{"id":1263,"href":"https:\/\/osteopatiagracia.com\/ca\/wp-json\/wp\/v2\/pages\/27\/revisions\/1263"}],"wp:attachment":[{"href":"https:\/\/osteopatiagracia.com\/ca\/wp-json\/wp\/v2\/media?parent=27"}],"curies":[{"name":"wp","href":"https:\/\/api.w.org\/{rel}","templated":true}]}}