{"id":133,"date":"2013-08-06T16:46:13","date_gmt":"2013-08-06T16:46:13","guid":{"rendered":"http:\/\/doctor.madza-wordpress-premium-themes.com\/?page_id=6"},"modified":"2022-03-24T15:03:27","modified_gmt":"2022-03-24T15:03:27","slug":"centro-fisioterapia-osteopatia","status":"publish","type":"page","link":"https:\/\/osteopatiagracia.com\/ca\/","title":{"rendered":"Inici"},"content":{"rendered":"<p><\/p>\n<h1 style=\"text-align: center; color: #000000;\">Benvinguts al centre ATLAS a Gr\u00e0cia<\/h1>\n<h3 style=\"text-align: center;\">En el centre Atlas trobar\u00e0 un equip que treballa des de 2006 per oferir solucions al seus problemes de salut amb la m\u00e0xima responsabilitat i professionalitat.<\/h3>\n<h3 style=\"text-align: center;\">Per aixo des de el centre Atlas ens comprometem amb la seva salut.<\/h3>\n<h3 style=\"text-align: center;\">Tot el nostre equip est\u00e0 format i titulat oficialment, adherits al col\u00b7legi de fisioterapeutes de Catalunya, i amb formacions complement\u00e0ries en Osteopatia, Pre i Post Part, Uroginecologia i Nutrici\u00f3 per tal de fer un abordatje global i integral del pacient.<\/h3>\n<p>&nbsp;<\/p>","protected":false},"excerpt":{"rendered":"<p>Benvinguts al centre ATLAS a Gr\u00e0cia En el centre Atlas trobar\u00e0 un equip que treballa des de 2006 per oferir solucions al seus problemes de salut amb la m\u00e0xima responsabilitat i professionalitat. Per aixo des de el centre Atlas ens comprometem amb la seva salut. Tot el nostre equip est\u00e0 format i titulat oficialment, adherits al col\u00b7legi de fisioterapeutes de Catalunya, i amb formacions complement\u00e0ries en Osteopatia, Pre i Post Part, Uroginecologia i Nutrici\u00f3 per tal de fer un abordatje global i integral del pacient. &nbsp;<\/p>\n","protected":false},"author":1,"featured_media":0,"parent":0,"menu_order":0,"comment_status":"closed","ping_status":"closed","template":"","meta":[],"_links":{"self":[{"href":"https:\/\/osteopatiagracia.com\/ca\/wp-json\/wp\/v2\/pages\/133"}],"collection":[{"href":"https:\/\/osteopatiagracia.com\/ca\/wp-json\/wp\/v2\/pages"}],"about":[{"href":"https:\/\/osteopatiagracia.com\/ca\/wp-json\/wp\/v2\/types\/page"}],"author":[{"embeddable":true,"href":"https:\/\/osteopatiagracia.com\/ca\/wp-json\/wp\/v2\/users\/1"}],"replies":[{"embeddable":true,"href":"https:\/\/osteopatiagracia.com\/ca\/wp-json\/wp\/v2\/comments?post=133"}],"version-history":[{"count":53,"href":"https:\/\/osteopatiagracia.com\/ca\/wp-json\/wp\/v2\/pages\/133\/revisions"}],"predecessor-version":[{"id":832,"href":"https:\/\/osteopatiagracia.com\/ca\/wp-json\/wp\/v2\/pages\/133\/revisions\/832"}],"wp:attachment":[{"href":"https:\/\/osteopatiagracia.com\/ca\/wp-json\/wp\/v2\/media?parent=133"}],"curies":[{"name":"wp","href":"https:\/\/api.w.org\/{rel}","templated":true}]}}